{"id":14,"date":"2021-01-19T09:18:10","date_gmt":"2021-01-19T09:18:10","guid":{"rendered":"https:\/\/www.uuteenhuomiseen.fi\/\/?page_id=14"},"modified":"2024-06-27T08:46:36","modified_gmt":"2024-06-27T08:46:36","slug":"parisuhteen-vuorovaikutustaitojen-kommunikointiongelmia-puolison-kanssa-vuorovaikutus-parisuhteessa-ei-toimi","status":"publish","type":"page","link":"https:\/\/www.uuteenhuomiseen.fi\/?page_id=14","title":{"rendered":"Parisuhteen vuorovaikutustaitojen oivalluttajan juttusilla"},"content":{"rendered":"\n<p><\/p>\n\n\n\n<p>Kaipaatko parisuhteeseenne tuoreita n\u00e4k\u00f6kulmia? Haluaisitko uudistaa vuorovaikutustaitojanne? Puhutteko samaa rakkauden kielt\u00e4? Uskallatteko olla tunneavoimia?<br><br>Identiteettikriisiss\u00e4 ennen erop\u00e4\u00e4t\u00f6st\u00e4 olisi hyv\u00e4 pohtia el\u00e4m\u00e4ntilannetta sek\u00e4 keskustella eri ratkaisuvaihtoehdoista parisuhdeasiantuntijan kanssa. Voisiko eron viel\u00e4 v\u00e4ltt\u00e4\u00e4 tai voisiko saman henkil\u00f6n kanssa kenties aloittaa uuden parisuhteen ja haudata vanhan toimimattoman parisuhteen?<br><\/p>\n\n\n\n<p>Parisuhteen vuorovaikutustaitojen oivalluttajan juttusilla 90 \u20ac tunti (alv 24%).<\/p>\n\n\n\n<div class=\"wp-block-buttons is-horizontal is-content-justification-center is-layout-flex wp-container-core-buttons-is-layout-499968f5 wp-block-buttons-is-layout-flex\">\n<div class=\"wp-block-button\"><a class=\"wp-block-button__link has-text-color has-background wp-element-button\" href=\"https:\/\/www.uuteenhuomiseen.fi\/\/?product=parisuhteen-vuorovaikutustaitojen-oivalluttajan-juttusille\" style=\"border-radius:50px;color:#fffffa;background:linear-gradient(135deg,rgb(135,9,53) 0%,rgb(179,22,22) 100%)\" target=\"_blank\" rel=\"noreferrer noopener\">Ilmoittautuminen<\/a><\/div>\n<\/div>\n\n\n\n<p><br><strong>Kahdenkeskinen keskusteluaika<\/strong><br><br><strong>Maksu maksetaan tilille:<br>Anne Rumpunen FI78 5745 1020 0067 52 tai MobilePay 040 &#8211; 1947 939.<\/strong><\/p>\n","protected":false},"excerpt":{"rendered":"<p>Kaipaatko parisuhteeseenne tuoreita n\u00e4k\u00f6kulmia? Haluaisitko uudistaa vuorovaikutustaitojanne? Puhutteko samaa rakkauden kielt\u00e4? Uskallatteko olla tunneavoimia? Identiteettikriisiss\u00e4 ennen erop\u00e4\u00e4t\u00f6st\u00e4 olisi hyv\u00e4 pohtia [&hellip;]<\/p>\n","protected":false},"author":1,"featured_media":812,"parent":0,"menu_order":0,"comment_status":"closed","ping_status":"closed","template":"","meta":{"footnotes":""},"class_list":["post-14","page","type-page","status-publish","has-post-thumbnail","hentry"],"yoast_head":"<!-- This site is optimized with the Yoast SEO plugin v24.0 - https:\/\/yoast.com\/wordpress\/plugins\/seo\/ -->\n<title>Parisuhteen-vuorovaikutustaidot-tunneavoimuus-rakkauden-kieli<\/title>\n<meta name=\"description\" content=\"Ongelmia parisuhteessa? Kaipaako parisuhteenne tuoreita n\u00e4k\u00f6kulmia? Haluaisitko uudistaa vuorovaikutustaitojanne? Tunneavoimuus, mit\u00e4 se on?\" \/>\n<meta name=\"robots\" content=\"index, follow, max-snippet:-1, max-image-preview:large, max-video-preview:-1\" \/>\n<link rel=\"canonical\" href=\"https:\/\/www.uuteenhuomiseen.fi\/?page_id=14\" \/>\n<meta property=\"og:locale\" content=\"en_US\" \/>\n<meta property=\"og:type\" content=\"article\" \/>\n<meta property=\"og:title\" content=\"Parisuhteen-vuorovaikutustaidot-tunneavoimuus-rakkauden-kieli\" \/>\n<meta property=\"og:description\" content=\"Ongelmia parisuhteessa? Kaipaako parisuhteenne tuoreita n\u00e4k\u00f6kulmia? Haluaisitko uudistaa vuorovaikutustaitojanne? Tunneavoimuus, mit\u00e4 se on?\" \/>\n<meta property=\"og:url\" content=\"https:\/\/www.uuteenhuomiseen.fi\/?page_id=14\" \/>\n<meta property=\"og:site_name\" content=\"uuteen huomiseen\" \/>\n<meta property=\"article:publisher\" content=\"https:\/\/www.facebook.com\/Uuteenhuomiseen\" \/>\n<meta property=\"article:modified_time\" content=\"2024-06-27T08:46:36+00:00\" \/>\n<meta property=\"og:image\" content=\"https:\/\/www.uuteenhuomiseen.fi\/wp-content\/uploads\/2017\/01\/parisu-1.png\" \/>\n\t<meta property=\"og:image:width\" content=\"221\" \/>\n\t<meta property=\"og:image:height\" content=\"300\" \/>\n\t<meta property=\"og:image:type\" content=\"image\/png\" \/>\n<meta name=\"twitter:card\" content=\"summary_large_image\" \/>\n<meta name=\"twitter:label1\" content=\"Est. reading time\" \/>\n\t<meta name=\"twitter:data1\" content=\"1 minute\" \/>\n<script type=\"application\/ld+json\" class=\"yoast-schema-graph\">{\"@context\":\"https:\/\/schema.org\",\"@graph\":[{\"@type\":\"WebPage\",\"@id\":\"https:\/\/www.uuteenhuomiseen.fi\/?page_id=14\",\"url\":\"https:\/\/www.uuteenhuomiseen.fi\/?page_id=14\",\"name\":\"Parisuhteen-vuorovaikutustaidot-tunneavoimuus-rakkauden-kieli\",\"isPartOf\":{\"@id\":\"https:\/\/www.uuteenhuomiseen.fi\/#website\"},\"primaryImageOfPage\":{\"@id\":\"https:\/\/www.uuteenhuomiseen.fi\/?page_id=14#primaryimage\"},\"image\":{\"@id\":\"https:\/\/www.uuteenhuomiseen.fi\/?page_id=14#primaryimage\"},\"thumbnailUrl\":\"https:\/\/www.uuteenhuomiseen.fi\/wp-content\/uploads\/2017\/01\/parisu-1.png\",\"datePublished\":\"2021-01-19T09:18:10+00:00\",\"dateModified\":\"2024-06-27T08:46:36+00:00\",\"description\":\"Ongelmia parisuhteessa? Kaipaako parisuhteenne tuoreita n\u00e4k\u00f6kulmia? Haluaisitko uudistaa vuorovaikutustaitojanne? Tunneavoimuus, mit\u00e4 se on?\",\"inLanguage\":\"en-US\",\"potentialAction\":[{\"@type\":\"ReadAction\",\"target\":[\"https:\/\/www.uuteenhuomiseen.fi\/?page_id=14\"]}]},{\"@type\":\"ImageObject\",\"inLanguage\":\"en-US\",\"@id\":\"https:\/\/www.uuteenhuomiseen.fi\/?page_id=14#primaryimage\",\"url\":\"https:\/\/www.uuteenhuomiseen.fi\/wp-content\/uploads\/2017\/01\/parisu-1.png\",\"contentUrl\":\"https:\/\/www.uuteenhuomiseen.fi\/wp-content\/uploads\/2017\/01\/parisu-1.png\",\"width\":221,\"height\":300,\"caption\":\"Parisuhteen vuorovaikutustaitojen\"},{\"@type\":\"WebSite\",\"@id\":\"https:\/\/www.uuteenhuomiseen.fi\/#website\",\"url\":\"https:\/\/www.uuteenhuomiseen.fi\/\",\"name\":\"uuteen huomiseen\",\"description\":\"\",\"publisher\":{\"@id\":\"https:\/\/www.uuteenhuomiseen.fi\/#organization\"},\"potentialAction\":[{\"@type\":\"SearchAction\",\"target\":{\"@type\":\"EntryPoint\",\"urlTemplate\":\"https:\/\/www.uuteenhuomiseen.fi\/?s={search_term_string}\"},\"query-input\":{\"@type\":\"PropertyValueSpecification\",\"valueRequired\":true,\"valueName\":\"search_term_string\"}}],\"inLanguage\":\"en-US\"},{\"@type\":\"Organization\",\"@id\":\"https:\/\/www.uuteenhuomiseen.fi\/#organization\",\"name\":\"uuteen huomiseen\",\"url\":\"https:\/\/www.uuteenhuomiseen.fi\/\",\"logo\":{\"@type\":\"ImageObject\",\"inLanguage\":\"en-US\",\"@id\":\"https:\/\/www.uuteenhuomiseen.fi\/#\/schema\/logo\/image\/\",\"url\":\"https:\/\/www.uuteenhuomiseen.fi\/wp-content\/uploads\/2021\/02\/cropped-cropped-cropped-Uuteen-huomiseen-logo-1-2.png\",\"contentUrl\":\"https:\/\/www.uuteenhuomiseen.fi\/wp-content\/uploads\/2021\/02\/cropped-cropped-cropped-Uuteen-huomiseen-logo-1-2.png\",\"width\":391,\"height\":118,\"caption\":\"uuteen huomiseen\"},\"image\":{\"@id\":\"https:\/\/www.uuteenhuomiseen.fi\/#\/schema\/logo\/image\/\"},\"sameAs\":[\"https:\/\/www.facebook.com\/Uuteenhuomiseen\",\"https:\/\/www.linkedin.com\/in\/annerumpunen\/\"]}]}<\/script>\n<!-- \/ Yoast SEO plugin. -->","yoast_head_json":{"title":"Parisuhteen-vuorovaikutustaidot-tunneavoimuus-rakkauden-kieli","description":"Ongelmia parisuhteessa? Kaipaako parisuhteenne tuoreita n\u00e4k\u00f6kulmia? Haluaisitko uudistaa vuorovaikutustaitojanne? Tunneavoimuus, mit\u00e4 se on?","robots":{"index":"index","follow":"follow","max-snippet":"max-snippet:-1","max-image-preview":"max-image-preview:large","max-video-preview":"max-video-preview:-1"},"canonical":"https:\/\/www.uuteenhuomiseen.fi\/?page_id=14","og_locale":"en_US","og_type":"article","og_title":"Parisuhteen-vuorovaikutustaidot-tunneavoimuus-rakkauden-kieli","og_description":"Ongelmia parisuhteessa? Kaipaako parisuhteenne tuoreita n\u00e4k\u00f6kulmia? Haluaisitko uudistaa vuorovaikutustaitojanne? Tunneavoimuus, mit\u00e4 se on?","og_url":"https:\/\/www.uuteenhuomiseen.fi\/?page_id=14","og_site_name":"uuteen huomiseen","article_publisher":"https:\/\/www.facebook.com\/Uuteenhuomiseen","article_modified_time":"2024-06-27T08:46:36+00:00","og_image":[{"width":221,"height":300,"url":"https:\/\/www.uuteenhuomiseen.fi\/wp-content\/uploads\/2017\/01\/parisu-1.png","type":"image\/png"}],"twitter_card":"summary_large_image","twitter_misc":{"Est. reading time":"1 minute"},"schema":{"@context":"https:\/\/schema.org","@graph":[{"@type":"WebPage","@id":"https:\/\/www.uuteenhuomiseen.fi\/?page_id=14","url":"https:\/\/www.uuteenhuomiseen.fi\/?page_id=14","name":"Parisuhteen-vuorovaikutustaidot-tunneavoimuus-rakkauden-kieli","isPartOf":{"@id":"https:\/\/www.uuteenhuomiseen.fi\/#website"},"primaryImageOfPage":{"@id":"https:\/\/www.uuteenhuomiseen.fi\/?page_id=14#primaryimage"},"image":{"@id":"https:\/\/www.uuteenhuomiseen.fi\/?page_id=14#primaryimage"},"thumbnailUrl":"https:\/\/www.uuteenhuomiseen.fi\/wp-content\/uploads\/2017\/01\/parisu-1.png","datePublished":"2021-01-19T09:18:10+00:00","dateModified":"2024-06-27T08:46:36+00:00","description":"Ongelmia parisuhteessa? Kaipaako parisuhteenne tuoreita n\u00e4k\u00f6kulmia? Haluaisitko uudistaa vuorovaikutustaitojanne? Tunneavoimuus, mit\u00e4 se on?","inLanguage":"en-US","potentialAction":[{"@type":"ReadAction","target":["https:\/\/www.uuteenhuomiseen.fi\/?page_id=14"]}]},{"@type":"ImageObject","inLanguage":"en-US","@id":"https:\/\/www.uuteenhuomiseen.fi\/?page_id=14#primaryimage","url":"https:\/\/www.uuteenhuomiseen.fi\/wp-content\/uploads\/2017\/01\/parisu-1.png","contentUrl":"https:\/\/www.uuteenhuomiseen.fi\/wp-content\/uploads\/2017\/01\/parisu-1.png","width":221,"height":300,"caption":"Parisuhteen vuorovaikutustaitojen"},{"@type":"WebSite","@id":"https:\/\/www.uuteenhuomiseen.fi\/#website","url":"https:\/\/www.uuteenhuomiseen.fi\/","name":"uuteen huomiseen","description":"","publisher":{"@id":"https:\/\/www.uuteenhuomiseen.fi\/#organization"},"potentialAction":[{"@type":"SearchAction","target":{"@type":"EntryPoint","urlTemplate":"https:\/\/www.uuteenhuomiseen.fi\/?s={search_term_string}"},"query-input":{"@type":"PropertyValueSpecification","valueRequired":true,"valueName":"search_term_string"}}],"inLanguage":"en-US"},{"@type":"Organization","@id":"https:\/\/www.uuteenhuomiseen.fi\/#organization","name":"uuteen huomiseen","url":"https:\/\/www.uuteenhuomiseen.fi\/","logo":{"@type":"ImageObject","inLanguage":"en-US","@id":"https:\/\/www.uuteenhuomiseen.fi\/#\/schema\/logo\/image\/","url":"https:\/\/www.uuteenhuomiseen.fi\/wp-content\/uploads\/2021\/02\/cropped-cropped-cropped-Uuteen-huomiseen-logo-1-2.png","contentUrl":"https:\/\/www.uuteenhuomiseen.fi\/wp-content\/uploads\/2021\/02\/cropped-cropped-cropped-Uuteen-huomiseen-logo-1-2.png","width":391,"height":118,"caption":"uuteen huomiseen"},"image":{"@id":"https:\/\/www.uuteenhuomiseen.fi\/#\/schema\/logo\/image\/"},"sameAs":["https:\/\/www.facebook.com\/Uuteenhuomiseen","https:\/\/www.linkedin.com\/in\/annerumpunen\/"]}]}},"_links":{"self":[{"href":"https:\/\/www.uuteenhuomiseen.fi\/index.php?rest_route=\/wp\/v2\/pages\/14","targetHints":{"allow":["GET"]}}],"collection":[{"href":"https:\/\/www.uuteenhuomiseen.fi\/index.php?rest_route=\/wp\/v2\/pages"}],"about":[{"href":"https:\/\/www.uuteenhuomiseen.fi\/index.php?rest_route=\/wp\/v2\/types\/page"}],"author":[{"embeddable":true,"href":"https:\/\/www.uuteenhuomiseen.fi\/index.php?rest_route=\/wp\/v2\/users\/1"}],"replies":[{"embeddable":true,"href":"https:\/\/www.uuteenhuomiseen.fi\/index.php?rest_route=%2Fwp%2Fv2%2Fcomments&post=14"}],"version-history":[{"count":11,"href":"https:\/\/www.uuteenhuomiseen.fi\/index.php?rest_route=\/wp\/v2\/pages\/14\/revisions"}],"predecessor-version":[{"id":1445,"href":"https:\/\/www.uuteenhuomiseen.fi\/index.php?rest_route=\/wp\/v2\/pages\/14\/revisions\/1445"}],"wp:featuredmedia":[{"embeddable":true,"href":"https:\/\/www.uuteenhuomiseen.fi\/index.php?rest_route=\/wp\/v2\/media\/812"}],"wp:attachment":[{"href":"https:\/\/www.uuteenhuomiseen.fi\/index.php?rest_route=%2Fwp%2Fv2%2Fmedia&parent=14"}],"curies":[{"name":"wp","href":"https:\/\/api.w.org\/{rel}","templated":true}]}}