{"id":18,"date":"2021-01-19T09:26:05","date_gmt":"2021-01-19T09:26:05","guid":{"rendered":"https:\/\/www.uuteenhuomiseen.fi\/\/?page_id=18"},"modified":"2021-09-15T20:33:36","modified_gmt":"2021-09-15T20:33:36","slug":"lcf-life-coach-valmentaja","status":"publish","type":"page","link":"https:\/\/www.uuteenhuomiseen.fi\/?page_id=18","title":{"rendered":"LCF Life Coach\u00ae"},"content":{"rendered":"\n<p class=\"has-vivid-purple-color has-text-color has-medium-font-size\">Ratkaisukeskeinen valmennus<\/p>\n\n\n\n<p>Kaipaatko muutosta el\u00e4m\u00e4\u00e4si?<br><br>Voit hy\u00f6dynt\u00e4\u00e4 valmennusta esim. kehitt\u00e4\u00e4ksesi kokonaisvaltaista hyvinvointiasi, parantaaksesi ihmissuhteitasi, saadaksesi mukavamman ty\u00f6n tai luodaksesi mielenrauhaa el\u00e4m\u00e4\u00e4si. Tai jotain muuta. Ratkaisukeskeinen valmennus rakentuu sinun toiveidesi mukaisesti. Valmennuksessa kartoitat nykyisen<br>el\u00e4m\u00e4ntilanteesi, oivallat sinua inspiroivat tavoitteet ja rakennat askelpolun kohti haluamaasi. Valmennuksessa sinua ei neuvota, vaan erilaisten kysymysten ja harjoitusten avulla sin\u00e4 itse oivallat olennaiset eteenp\u00e4in viev\u00e4t asiat. <br><br>Valmennuksissa kohtaamme 1 \u2013 2 viikon v\u00e4lein. Ne voivat tapahtua kasvotusten, puhelimitse tai netin v\u00e4lityksell\u00e4. <br><br>Valmennuksen my\u00f6t\u00e4 itseluottamuksesi paranee, min\u00e4kuvasi kirkastuu ja tavoitteesi selkiytyv\u00e4t. <br>Valmennuksessa oivallat my\u00f6s, miten muutos el\u00e4m\u00e4ss\u00e4si on mahdollista ja miten voit tehd\u00e4 toiveistasi totta.<br><br>Ratkaisukeskeinen valmennus on toimintamalli, jonka avulla luodaan onnistumisia. Valmentaja auttaa kirkastamaan ja luomaan toimintasuunnitelman, jolla muutokset saavutetaan onnistuneesti. Valmennus sopii sek\u00e4 yksityisille henkil\u00f6ille ett\u00e4 ty\u00f6yhteis\u00f6ihin.<br><br>Valmennuksen my\u00f6t\u00e4 itsetuntemus kehittyy, itseluottamus kasvaa ja oman n\u00e4k\u00f6inen el\u00e4m\u00e4 vahvistuu. Valmennuksen tavoitteena on kokonaisvaltaisesti hyvinvoiva, itsest\u00e4\u00e4n vastuun kantava ihminen, joka nauttii el\u00e4m\u00e4st\u00e4\u00e4n.<\/p>\n\n\n\n<p class=\"has-medium-font-size\"><strong>Teoreettinen viitekehys<\/strong><\/p>\n\n\n\n<p><strong>KOGNITIIVINEN K\u00c4YTT\u00c4YTYMISTIEDE<\/strong><\/p>\n\n\n\n<ul class=\"wp-block-list\"><li>Mielen, tunteiden ja toiminnan vaikutus haluttuihin muutoksiin<\/li><\/ul>\n\n\n\n<p><strong>RATKAISUKESKEISYYS<\/strong><\/p>\n\n\n\n<ul class=\"wp-block-list\"><li>Tavoiteltavia muutoksia k\u00e4sitell\u00e4\u00e4n ratkaisukeskeisesti ongelmal\u00e4ht\u00f6isyyden sijaan<\/li><\/ul>\n\n\n\n<p><strong>POSITIIVINEN PSYKOLGIA<\/strong><\/p>\n\n\n\n<ul class=\"wp-block-list\"><li>My\u00f6nteisen ajattelun ja henkil\u00f6kohtaisten vahvuuksien hy\u00f6dynt\u00e4minen valmennuksessa<\/li><\/ul>\n\n\n\n<div class=\"wp-block-buttons is-content-justification-center is-layout-flex wp-block-buttons-is-layout-flex\">\n<div class=\"wp-block-button\"><a class=\"wp-block-button__link has-text-color has-background\" href=\"https:\/\/www.uuteenhuomiseen.fi\/\/?product=lcf-life-coach\" style=\"border-radius:50px;background:linear-gradient(135deg,rgb(135,9,53) 0%,rgb(179,22,22) 100%);color:#fffffa\" target=\"_blank\" rel=\"noreferrer noopener\">Ilmoittautuminen<\/a><\/div>\n<\/div>\n\n\n\n<p><a rel=\"noreferrer noopener\" href=\"http:\/\/www.valmentamo.fi\" data-type=\"URL\" data-id=\"www.valmentamo.fi\" target=\"_blank\">www.valmentamo.fi<\/a><\/p>\n","protected":false},"excerpt":{"rendered":"<p>Ratkaisukeskeinen valmennus Kaipaatko muutosta el\u00e4m\u00e4\u00e4si? Voit hy\u00f6dynt\u00e4\u00e4 valmennusta esim. kehitt\u00e4\u00e4ksesi kokonaisvaltaista hyvinvointiasi, parantaaksesi ihmissuhteitasi, saadaksesi mukavamman ty\u00f6n tai luodaksesi mielenrauhaa [&hellip;]<\/p>\n","protected":false},"author":1,"featured_media":815,"parent":0,"menu_order":0,"comment_status":"closed","ping_status":"closed","template":"","meta":{"footnotes":""},"class_list":["post-18","page","type-page","status-publish","has-post-thumbnail","hentry"],"yoast_head":"<!-- This site is optimized with the Yoast SEO plugin v24.0 - https:\/\/yoast.com\/wordpress\/plugins\/seo\/ -->\n<title>LCF Life Coach\u00ae el\u00e4m\u00e4ntaidon valmennus - tavoitteista totta, uuteen huomiseen<\/title>\n<meta name=\"description\" content=\"el\u00e4m\u00e4ntaidon valmennus, el\u00e4m\u00e4ntaidon valmentaja, muutos el\u00e4m\u00e4\u00e4n, coaching, ratkaisukeskeinen valmennus, tavoitteista totta, valmentaja,\" \/>\n<meta name=\"robots\" content=\"index, follow, max-snippet:-1, max-image-preview:large, max-video-preview:-1\" \/>\n<link rel=\"canonical\" href=\"https:\/\/www.uuteenhuomiseen.fi\/?page_id=18\" \/>\n<meta property=\"og:locale\" content=\"en_US\" \/>\n<meta property=\"og:type\" content=\"article\" \/>\n<meta property=\"og:title\" content=\"LCF Life Coach\u00ae el\u00e4m\u00e4ntaidon valmennus - tavoitteista totta, uuteen huomiseen\" \/>\n<meta property=\"og:description\" content=\"el\u00e4m\u00e4ntaidon valmennus, el\u00e4m\u00e4ntaidon valmentaja, muutos el\u00e4m\u00e4\u00e4n, coaching, ratkaisukeskeinen valmennus, tavoitteista totta, valmentaja,\" \/>\n<meta property=\"og:url\" content=\"https:\/\/www.uuteenhuomiseen.fi\/?page_id=18\" \/>\n<meta property=\"og:site_name\" content=\"uuteen huomiseen\" \/>\n<meta property=\"article:publisher\" content=\"https:\/\/www.facebook.com\/Uuteenhuomiseen\" \/>\n<meta property=\"article:modified_time\" content=\"2021-09-15T20:33:36+00:00\" \/>\n<meta property=\"og:image\" content=\"https:\/\/www.uuteenhuomiseen.fi\/wp-content\/uploads\/2017\/01\/LCF-1-1.png\" \/>\n\t<meta property=\"og:image:width\" content=\"300\" \/>\n\t<meta property=\"og:image:height\" content=\"300\" \/>\n\t<meta property=\"og:image:type\" content=\"image\/png\" \/>\n<meta name=\"twitter:card\" content=\"summary_large_image\" \/>\n<meta name=\"twitter:label1\" content=\"Est. reading time\" \/>\n\t<meta name=\"twitter:data1\" content=\"1 minute\" \/>\n<script type=\"application\/ld+json\" class=\"yoast-schema-graph\">{\"@context\":\"https:\/\/schema.org\",\"@graph\":[{\"@type\":\"WebPage\",\"@id\":\"https:\/\/www.uuteenhuomiseen.fi\/?page_id=18\",\"url\":\"https:\/\/www.uuteenhuomiseen.fi\/?page_id=18\",\"name\":\"LCF Life Coach\u00ae el\u00e4m\u00e4ntaidon valmennus - tavoitteista totta, uuteen huomiseen\",\"isPartOf\":{\"@id\":\"https:\/\/www.uuteenhuomiseen.fi\/#website\"},\"primaryImageOfPage\":{\"@id\":\"https:\/\/www.uuteenhuomiseen.fi\/?page_id=18#primaryimage\"},\"image\":{\"@id\":\"https:\/\/www.uuteenhuomiseen.fi\/?page_id=18#primaryimage\"},\"thumbnailUrl\":\"https:\/\/www.uuteenhuomiseen.fi\/wp-content\/uploads\/2017\/01\/LCF-1-1.png\",\"datePublished\":\"2021-01-19T09:26:05+00:00\",\"dateModified\":\"2021-09-15T20:33:36+00:00\",\"description\":\"el\u00e4m\u00e4ntaidon valmennus, el\u00e4m\u00e4ntaidon valmentaja, muutos el\u00e4m\u00e4\u00e4n, coaching, ratkaisukeskeinen valmennus, tavoitteista totta, valmentaja,\",\"inLanguage\":\"en-US\",\"potentialAction\":[{\"@type\":\"ReadAction\",\"target\":[\"https:\/\/www.uuteenhuomiseen.fi\/?page_id=18\"]}]},{\"@type\":\"ImageObject\",\"inLanguage\":\"en-US\",\"@id\":\"https:\/\/www.uuteenhuomiseen.fi\/?page_id=18#primaryimage\",\"url\":\"https:\/\/www.uuteenhuomiseen.fi\/wp-content\/uploads\/2017\/01\/LCF-1-1.png\",\"contentUrl\":\"https:\/\/www.uuteenhuomiseen.fi\/wp-content\/uploads\/2017\/01\/LCF-1-1.png\",\"width\":300,\"height\":300,\"caption\":\"el\u00e4m\u00e4ntaidon valmentaja, muutos el\u00e4m\u00e4\u00e4n, coaching, ratkaisukeskeinen valmennus, tavoitteista totta\"},{\"@type\":\"WebSite\",\"@id\":\"https:\/\/www.uuteenhuomiseen.fi\/#website\",\"url\":\"https:\/\/www.uuteenhuomiseen.fi\/\",\"name\":\"uuteen huomiseen\",\"description\":\"\",\"publisher\":{\"@id\":\"https:\/\/www.uuteenhuomiseen.fi\/#organization\"},\"potentialAction\":[{\"@type\":\"SearchAction\",\"target\":{\"@type\":\"EntryPoint\",\"urlTemplate\":\"https:\/\/www.uuteenhuomiseen.fi\/?s={search_term_string}\"},\"query-input\":{\"@type\":\"PropertyValueSpecification\",\"valueRequired\":true,\"valueName\":\"search_term_string\"}}],\"inLanguage\":\"en-US\"},{\"@type\":\"Organization\",\"@id\":\"https:\/\/www.uuteenhuomiseen.fi\/#organization\",\"name\":\"uuteen huomiseen\",\"url\":\"https:\/\/www.uuteenhuomiseen.fi\/\",\"logo\":{\"@type\":\"ImageObject\",\"inLanguage\":\"en-US\",\"@id\":\"https:\/\/www.uuteenhuomiseen.fi\/#\/schema\/logo\/image\/\",\"url\":\"https:\/\/www.uuteenhuomiseen.fi\/wp-content\/uploads\/2021\/02\/cropped-cropped-cropped-Uuteen-huomiseen-logo-1-2.png\",\"contentUrl\":\"https:\/\/www.uuteenhuomiseen.fi\/wp-content\/uploads\/2021\/02\/cropped-cropped-cropped-Uuteen-huomiseen-logo-1-2.png\",\"width\":391,\"height\":118,\"caption\":\"uuteen huomiseen\"},\"image\":{\"@id\":\"https:\/\/www.uuteenhuomiseen.fi\/#\/schema\/logo\/image\/\"},\"sameAs\":[\"https:\/\/www.facebook.com\/Uuteenhuomiseen\",\"https:\/\/www.linkedin.com\/in\/annerumpunen\/\"]}]}<\/script>\n<!-- \/ Yoast SEO plugin. -->","yoast_head_json":{"title":"LCF Life Coach\u00ae el\u00e4m\u00e4ntaidon valmennus - tavoitteista totta, uuteen huomiseen","description":"el\u00e4m\u00e4ntaidon valmennus, el\u00e4m\u00e4ntaidon valmentaja, muutos el\u00e4m\u00e4\u00e4n, coaching, ratkaisukeskeinen valmennus, tavoitteista totta, valmentaja,","robots":{"index":"index","follow":"follow","max-snippet":"max-snippet:-1","max-image-preview":"max-image-preview:large","max-video-preview":"max-video-preview:-1"},"canonical":"https:\/\/www.uuteenhuomiseen.fi\/?page_id=18","og_locale":"en_US","og_type":"article","og_title":"LCF Life Coach\u00ae el\u00e4m\u00e4ntaidon valmennus - tavoitteista totta, uuteen huomiseen","og_description":"el\u00e4m\u00e4ntaidon valmennus, el\u00e4m\u00e4ntaidon valmentaja, muutos el\u00e4m\u00e4\u00e4n, coaching, ratkaisukeskeinen valmennus, tavoitteista totta, valmentaja,","og_url":"https:\/\/www.uuteenhuomiseen.fi\/?page_id=18","og_site_name":"uuteen huomiseen","article_publisher":"https:\/\/www.facebook.com\/Uuteenhuomiseen","article_modified_time":"2021-09-15T20:33:36+00:00","og_image":[{"width":300,"height":300,"url":"https:\/\/www.uuteenhuomiseen.fi\/wp-content\/uploads\/2017\/01\/LCF-1-1.png","type":"image\/png"}],"twitter_card":"summary_large_image","twitter_misc":{"Est. reading time":"1 minute"},"schema":{"@context":"https:\/\/schema.org","@graph":[{"@type":"WebPage","@id":"https:\/\/www.uuteenhuomiseen.fi\/?page_id=18","url":"https:\/\/www.uuteenhuomiseen.fi\/?page_id=18","name":"LCF Life Coach\u00ae el\u00e4m\u00e4ntaidon valmennus - tavoitteista totta, uuteen huomiseen","isPartOf":{"@id":"https:\/\/www.uuteenhuomiseen.fi\/#website"},"primaryImageOfPage":{"@id":"https:\/\/www.uuteenhuomiseen.fi\/?page_id=18#primaryimage"},"image":{"@id":"https:\/\/www.uuteenhuomiseen.fi\/?page_id=18#primaryimage"},"thumbnailUrl":"https:\/\/www.uuteenhuomiseen.fi\/wp-content\/uploads\/2017\/01\/LCF-1-1.png","datePublished":"2021-01-19T09:26:05+00:00","dateModified":"2021-09-15T20:33:36+00:00","description":"el\u00e4m\u00e4ntaidon valmennus, el\u00e4m\u00e4ntaidon valmentaja, muutos el\u00e4m\u00e4\u00e4n, coaching, ratkaisukeskeinen valmennus, tavoitteista totta, valmentaja,","inLanguage":"en-US","potentialAction":[{"@type":"ReadAction","target":["https:\/\/www.uuteenhuomiseen.fi\/?page_id=18"]}]},{"@type":"ImageObject","inLanguage":"en-US","@id":"https:\/\/www.uuteenhuomiseen.fi\/?page_id=18#primaryimage","url":"https:\/\/www.uuteenhuomiseen.fi\/wp-content\/uploads\/2017\/01\/LCF-1-1.png","contentUrl":"https:\/\/www.uuteenhuomiseen.fi\/wp-content\/uploads\/2017\/01\/LCF-1-1.png","width":300,"height":300,"caption":"el\u00e4m\u00e4ntaidon valmentaja, muutos el\u00e4m\u00e4\u00e4n, coaching, ratkaisukeskeinen valmennus, tavoitteista totta"},{"@type":"WebSite","@id":"https:\/\/www.uuteenhuomiseen.fi\/#website","url":"https:\/\/www.uuteenhuomiseen.fi\/","name":"uuteen huomiseen","description":"","publisher":{"@id":"https:\/\/www.uuteenhuomiseen.fi\/#organization"},"potentialAction":[{"@type":"SearchAction","target":{"@type":"EntryPoint","urlTemplate":"https:\/\/www.uuteenhuomiseen.fi\/?s={search_term_string}"},"query-input":{"@type":"PropertyValueSpecification","valueRequired":true,"valueName":"search_term_string"}}],"inLanguage":"en-US"},{"@type":"Organization","@id":"https:\/\/www.uuteenhuomiseen.fi\/#organization","name":"uuteen huomiseen","url":"https:\/\/www.uuteenhuomiseen.fi\/","logo":{"@type":"ImageObject","inLanguage":"en-US","@id":"https:\/\/www.uuteenhuomiseen.fi\/#\/schema\/logo\/image\/","url":"https:\/\/www.uuteenhuomiseen.fi\/wp-content\/uploads\/2021\/02\/cropped-cropped-cropped-Uuteen-huomiseen-logo-1-2.png","contentUrl":"https:\/\/www.uuteenhuomiseen.fi\/wp-content\/uploads\/2021\/02\/cropped-cropped-cropped-Uuteen-huomiseen-logo-1-2.png","width":391,"height":118,"caption":"uuteen huomiseen"},"image":{"@id":"https:\/\/www.uuteenhuomiseen.fi\/#\/schema\/logo\/image\/"},"sameAs":["https:\/\/www.facebook.com\/Uuteenhuomiseen","https:\/\/www.linkedin.com\/in\/annerumpunen\/"]}]}},"_links":{"self":[{"href":"https:\/\/www.uuteenhuomiseen.fi\/index.php?rest_route=\/wp\/v2\/pages\/18","targetHints":{"allow":["GET"]}}],"collection":[{"href":"https:\/\/www.uuteenhuomiseen.fi\/index.php?rest_route=\/wp\/v2\/pages"}],"about":[{"href":"https:\/\/www.uuteenhuomiseen.fi\/index.php?rest_route=\/wp\/v2\/types\/page"}],"author":[{"embeddable":true,"href":"https:\/\/www.uuteenhuomiseen.fi\/index.php?rest_route=\/wp\/v2\/users\/1"}],"replies":[{"embeddable":true,"href":"https:\/\/www.uuteenhuomiseen.fi\/index.php?rest_route=%2Fwp%2Fv2%2Fcomments&post=18"}],"version-history":[{"count":8,"href":"https:\/\/www.uuteenhuomiseen.fi\/index.php?rest_route=\/wp\/v2\/pages\/18\/revisions"}],"predecessor-version":[{"id":1272,"href":"https:\/\/www.uuteenhuomiseen.fi\/index.php?rest_route=\/wp\/v2\/pages\/18\/revisions\/1272"}],"wp:featuredmedia":[{"embeddable":true,"href":"https:\/\/www.uuteenhuomiseen.fi\/index.php?rest_route=\/wp\/v2\/media\/815"}],"wp:attachment":[{"href":"https:\/\/www.uuteenhuomiseen.fi\/index.php?rest_route=%2Fwp%2Fv2%2Fmedia&parent=18"}],"curies":[{"name":"wp","href":"https:\/\/api.w.org\/{rel}","templated":true}]}}