{"id":45,"date":"2021-01-19T09:58:11","date_gmt":"2021-01-19T09:58:11","guid":{"rendered":"https:\/\/www.uuteenhuomiseen.fi\/\/?page_id=45"},"modified":"2023-10-11T11:29:02","modified_gmt":"2023-10-11T11:29:02","slug":"erityisherkkyys-highly-sensitive-person","status":"publish","type":"page","link":"https:\/\/www.uuteenhuomiseen.fi\/?page_id=45","title":{"rendered":"Erityisherkkyys"},"content":{"rendered":"\n<p class=\"has-pale-cyan-blue-color has-text-color has-medium-font-size\">Erityisherkkyys &#8211; Haaste vai voimavara<\/p>\n\n\n\n<p>Erityisherkkyys on synnynn\u00e4inen hermoj\u00e4rjestelm\u00e4n ominaisuus, johon liittyy amerikkalaisen tutkija Elaine Aronin mukaan nelj\u00e4 piirrett\u00e4. Piirteet on tunnistettavissa kaikissa erityisherkiss\u00e4. N\u00e4m\u00e4 ovat kiteytetty Ev\u00e4s-muistis\u00e4\u00e4nt\u00f6\u00f6n.<br><br><strong>EV\u00c4S<\/strong><br><strong>E: Empaattisuus ja emotionaalisuus<\/strong><br>     Kyky liitty\u00e4 toisen henkil\u00f6n tai olennon tunnemaisemaan.<br><strong>V: Vivahteiden vaistoaminen<\/strong><br>     Kyky reagoida ymp\u00e4rist\u00f6n ja tunnemaailman yksityiskohtiin.<br><strong>\u00c4: \u00c4rsykkeiden v\u00e4sytt\u00e4v\u00e4 vaikutus<\/strong><br>     Helposti ylivirittyminen ja v\u00e4syminen aisti\u00e4rsykkeist\u00e4 sek\u00e4 kaipuu omaan rauhaan.<br><strong>S: Syv\u00e4llinen ja pohtiva<\/strong><br>    Asioiden yhdisteleminen toisiinsa ja intuitiivisuus.<br><br>Eritysherkkyys ei ole diagnoosi tai sairaus, vaan synnynn\u00e4inen lahja, temperamenttipiirre.<br><br>Herkk\u00e4 ylivirittyy helposti ja kokee tunteet voimakkaammin kehollisesti kuin ei niin herkk\u00e4 ihminen, mutta samalla h\u00e4nell\u00e4 on kyky my\u00f6s hurmioitua hyvist\u00e4 tunteista voimakkaammin. Syv\u00e4llisen prosessointikyvyn seurauksena erityisherkill\u00e4 ei yleens\u00e4 ole tyls\u00e4\u00e4 omassa seurassaan, vaan yksin\u00e4isyys on heill\u00e4 lohtu ja turvapaikka.<br><br>Olet tervetullut luokseni tutkimaan kanssani erityisherkkyytt\u00e4si. <br>Aikoja voit varata\u2026<\/p>\n\n\n\n<div class=\"wp-block-buttons is-content-justification-center is-layout-flex wp-container-core-buttons-is-layout-16018d1d wp-block-buttons-is-layout-flex\">\n<div class=\"wp-block-button\"><a class=\"wp-block-button__link has-text-color has-background wp-element-button\" href=\"https:\/\/www.uuteenhuomiseen.fi\/?product=erityisherkkyyden-aarella-keskustelua\" style=\"border-radius:50px;color:#fffffa;background:linear-gradient(42deg,rgb(135,9,53) 0%,rgb(179,22,22) 100%)\" target=\"_blank\" rel=\"noreferrer noopener\">Verkkokauppa<\/a><\/div>\n<\/div>\n\n\n\n<p><br><a rel=\"noreferrer noopener\" href=\"http:\/\/www.erityisherkat.fi\" data-type=\"URL\" data-id=\"www.erityisherkat.fi\" target=\"_blank\">www.erityisherkat.fi<\/a><\/p>\n","protected":false},"excerpt":{"rendered":"<p>Erityisherkkyys &#8211; Haaste vai voimavara Erityisherkkyys on synnynn\u00e4inen hermoj\u00e4rjestelm\u00e4n ominaisuus, johon liittyy amerikkalaisen tutkija Elaine Aronin mukaan nelj\u00e4 piirrett\u00e4. Piirteet [&hellip;]<\/p>\n","protected":false},"author":1,"featured_media":0,"parent":0,"menu_order":0,"comment_status":"closed","ping_status":"closed","template":"","meta":{"footnotes":""},"class_list":["post-45","page","type-page","status-publish","hentry"],"yoast_head":"<!-- This site is optimized with the Yoast SEO plugin v24.0 - https:\/\/yoast.com\/wordpress\/plugins\/seo\/ -->\n<title>Erityisherkkyys Highly Sensitive Person- HSPuuteen huomiseen EV\u00c4S<\/title>\n<meta name=\"description\" content=\"on synnynn\u00e4inen hermoj\u00e4rjestelm\u00e4n ominaisuus, johon liittyyamerikkalaisen tutkija Elaine Aronin mukaan nelj\u00e4 piirrett\u00e4. Erityisherkkyys\" \/>\n<meta name=\"robots\" content=\"index, follow, max-snippet:-1, max-image-preview:large, max-video-preview:-1\" \/>\n<link rel=\"canonical\" href=\"https:\/\/www.uuteenhuomiseen.fi\/?page_id=45\" \/>\n<meta property=\"og:locale\" content=\"en_US\" \/>\n<meta property=\"og:type\" content=\"article\" \/>\n<meta property=\"og:title\" content=\"Erityisherkkyys Highly Sensitive Person- HSPuuteen huomiseen EV\u00c4S\" \/>\n<meta property=\"og:description\" content=\"on synnynn\u00e4inen hermoj\u00e4rjestelm\u00e4n ominaisuus, johon liittyyamerikkalaisen tutkija Elaine Aronin mukaan nelj\u00e4 piirrett\u00e4. Erityisherkkyys\" \/>\n<meta property=\"og:url\" content=\"https:\/\/www.uuteenhuomiseen.fi\/?page_id=45\" \/>\n<meta property=\"og:site_name\" content=\"uuteen huomiseen\" \/>\n<meta property=\"article:publisher\" content=\"https:\/\/www.facebook.com\/Uuteenhuomiseen\" \/>\n<meta property=\"article:modified_time\" content=\"2023-10-11T11:29:02+00:00\" \/>\n<meta name=\"twitter:card\" content=\"summary_large_image\" \/>\n<meta name=\"twitter:label1\" content=\"Est. reading time\" \/>\n\t<meta name=\"twitter:data1\" content=\"1 minute\" \/>\n<script type=\"application\/ld+json\" class=\"yoast-schema-graph\">{\"@context\":\"https:\/\/schema.org\",\"@graph\":[{\"@type\":\"WebPage\",\"@id\":\"https:\/\/www.uuteenhuomiseen.fi\/?page_id=45\",\"url\":\"https:\/\/www.uuteenhuomiseen.fi\/?page_id=45\",\"name\":\"Erityisherkkyys Highly Sensitive Person- HSPuuteen huomiseen EV\u00c4S\",\"isPartOf\":{\"@id\":\"https:\/\/www.uuteenhuomiseen.fi\/#website\"},\"datePublished\":\"2021-01-19T09:58:11+00:00\",\"dateModified\":\"2023-10-11T11:29:02+00:00\",\"description\":\"on synnynn\u00e4inen hermoj\u00e4rjestelm\u00e4n ominaisuus, johon liittyyamerikkalaisen tutkija Elaine Aronin mukaan nelj\u00e4 piirrett\u00e4. Erityisherkkyys\",\"inLanguage\":\"en-US\",\"potentialAction\":[{\"@type\":\"ReadAction\",\"target\":[\"https:\/\/www.uuteenhuomiseen.fi\/?page_id=45\"]}]},{\"@type\":\"WebSite\",\"@id\":\"https:\/\/www.uuteenhuomiseen.fi\/#website\",\"url\":\"https:\/\/www.uuteenhuomiseen.fi\/\",\"name\":\"uuteen huomiseen\",\"description\":\"\",\"publisher\":{\"@id\":\"https:\/\/www.uuteenhuomiseen.fi\/#organization\"},\"potentialAction\":[{\"@type\":\"SearchAction\",\"target\":{\"@type\":\"EntryPoint\",\"urlTemplate\":\"https:\/\/www.uuteenhuomiseen.fi\/?s={search_term_string}\"},\"query-input\":{\"@type\":\"PropertyValueSpecification\",\"valueRequired\":true,\"valueName\":\"search_term_string\"}}],\"inLanguage\":\"en-US\"},{\"@type\":\"Organization\",\"@id\":\"https:\/\/www.uuteenhuomiseen.fi\/#organization\",\"name\":\"uuteen huomiseen\",\"url\":\"https:\/\/www.uuteenhuomiseen.fi\/\",\"logo\":{\"@type\":\"ImageObject\",\"inLanguage\":\"en-US\",\"@id\":\"https:\/\/www.uuteenhuomiseen.fi\/#\/schema\/logo\/image\/\",\"url\":\"https:\/\/www.uuteenhuomiseen.fi\/wp-content\/uploads\/2021\/02\/cropped-cropped-cropped-Uuteen-huomiseen-logo-1-2.png\",\"contentUrl\":\"https:\/\/www.uuteenhuomiseen.fi\/wp-content\/uploads\/2021\/02\/cropped-cropped-cropped-Uuteen-huomiseen-logo-1-2.png\",\"width\":391,\"height\":118,\"caption\":\"uuteen huomiseen\"},\"image\":{\"@id\":\"https:\/\/www.uuteenhuomiseen.fi\/#\/schema\/logo\/image\/\"},\"sameAs\":[\"https:\/\/www.facebook.com\/Uuteenhuomiseen\",\"https:\/\/www.linkedin.com\/in\/annerumpunen\/\"]}]}<\/script>\n<!-- \/ Yoast SEO plugin. -->","yoast_head_json":{"title":"Erityisherkkyys Highly Sensitive Person- HSPuuteen huomiseen EV\u00c4S","description":"on synnynn\u00e4inen hermoj\u00e4rjestelm\u00e4n ominaisuus, johon liittyyamerikkalaisen tutkija Elaine Aronin mukaan nelj\u00e4 piirrett\u00e4. Erityisherkkyys","robots":{"index":"index","follow":"follow","max-snippet":"max-snippet:-1","max-image-preview":"max-image-preview:large","max-video-preview":"max-video-preview:-1"},"canonical":"https:\/\/www.uuteenhuomiseen.fi\/?page_id=45","og_locale":"en_US","og_type":"article","og_title":"Erityisherkkyys Highly Sensitive Person- HSPuuteen huomiseen EV\u00c4S","og_description":"on synnynn\u00e4inen hermoj\u00e4rjestelm\u00e4n ominaisuus, johon liittyyamerikkalaisen tutkija Elaine Aronin mukaan nelj\u00e4 piirrett\u00e4. Erityisherkkyys","og_url":"https:\/\/www.uuteenhuomiseen.fi\/?page_id=45","og_site_name":"uuteen huomiseen","article_publisher":"https:\/\/www.facebook.com\/Uuteenhuomiseen","article_modified_time":"2023-10-11T11:29:02+00:00","twitter_card":"summary_large_image","twitter_misc":{"Est. reading time":"1 minute"},"schema":{"@context":"https:\/\/schema.org","@graph":[{"@type":"WebPage","@id":"https:\/\/www.uuteenhuomiseen.fi\/?page_id=45","url":"https:\/\/www.uuteenhuomiseen.fi\/?page_id=45","name":"Erityisherkkyys Highly Sensitive Person- HSPuuteen huomiseen EV\u00c4S","isPartOf":{"@id":"https:\/\/www.uuteenhuomiseen.fi\/#website"},"datePublished":"2021-01-19T09:58:11+00:00","dateModified":"2023-10-11T11:29:02+00:00","description":"on synnynn\u00e4inen hermoj\u00e4rjestelm\u00e4n ominaisuus, johon liittyyamerikkalaisen tutkija Elaine Aronin mukaan nelj\u00e4 piirrett\u00e4. Erityisherkkyys","inLanguage":"en-US","potentialAction":[{"@type":"ReadAction","target":["https:\/\/www.uuteenhuomiseen.fi\/?page_id=45"]}]},{"@type":"WebSite","@id":"https:\/\/www.uuteenhuomiseen.fi\/#website","url":"https:\/\/www.uuteenhuomiseen.fi\/","name":"uuteen huomiseen","description":"","publisher":{"@id":"https:\/\/www.uuteenhuomiseen.fi\/#organization"},"potentialAction":[{"@type":"SearchAction","target":{"@type":"EntryPoint","urlTemplate":"https:\/\/www.uuteenhuomiseen.fi\/?s={search_term_string}"},"query-input":{"@type":"PropertyValueSpecification","valueRequired":true,"valueName":"search_term_string"}}],"inLanguage":"en-US"},{"@type":"Organization","@id":"https:\/\/www.uuteenhuomiseen.fi\/#organization","name":"uuteen huomiseen","url":"https:\/\/www.uuteenhuomiseen.fi\/","logo":{"@type":"ImageObject","inLanguage":"en-US","@id":"https:\/\/www.uuteenhuomiseen.fi\/#\/schema\/logo\/image\/","url":"https:\/\/www.uuteenhuomiseen.fi\/wp-content\/uploads\/2021\/02\/cropped-cropped-cropped-Uuteen-huomiseen-logo-1-2.png","contentUrl":"https:\/\/www.uuteenhuomiseen.fi\/wp-content\/uploads\/2021\/02\/cropped-cropped-cropped-Uuteen-huomiseen-logo-1-2.png","width":391,"height":118,"caption":"uuteen huomiseen"},"image":{"@id":"https:\/\/www.uuteenhuomiseen.fi\/#\/schema\/logo\/image\/"},"sameAs":["https:\/\/www.facebook.com\/Uuteenhuomiseen","https:\/\/www.linkedin.com\/in\/annerumpunen\/"]}]}},"_links":{"self":[{"href":"https:\/\/www.uuteenhuomiseen.fi\/index.php?rest_route=\/wp\/v2\/pages\/45","targetHints":{"allow":["GET"]}}],"collection":[{"href":"https:\/\/www.uuteenhuomiseen.fi\/index.php?rest_route=\/wp\/v2\/pages"}],"about":[{"href":"https:\/\/www.uuteenhuomiseen.fi\/index.php?rest_route=\/wp\/v2\/types\/page"}],"author":[{"embeddable":true,"href":"https:\/\/www.uuteenhuomiseen.fi\/index.php?rest_route=\/wp\/v2\/users\/1"}],"replies":[{"embeddable":true,"href":"https:\/\/www.uuteenhuomiseen.fi\/index.php?rest_route=%2Fwp%2Fv2%2Fcomments&post=45"}],"version-history":[{"count":9,"href":"https:\/\/www.uuteenhuomiseen.fi\/index.php?rest_route=\/wp\/v2\/pages\/45\/revisions"}],"predecessor-version":[{"id":1436,"href":"https:\/\/www.uuteenhuomiseen.fi\/index.php?rest_route=\/wp\/v2\/pages\/45\/revisions\/1436"}],"wp:attachment":[{"href":"https:\/\/www.uuteenhuomiseen.fi\/index.php?rest_route=%2Fwp%2Fv2%2Fmedia&parent=45"}],"curies":[{"name":"wp","href":"https:\/\/api.w.org\/{rel}","templated":true}]}}