{"id":5,"date":"2021-01-19T08:11:07","date_gmt":"2021-01-19T08:11:07","guid":{"rendered":"https:\/\/www.uuteenhuomiseen.fi\/\/?page_id=5"},"modified":"2025-05-21T21:21:08","modified_gmt":"2025-05-21T21:21:08","slug":"anne-olen-toimelias-kasillatekija-erikoisasiantuntilja-apua-erosta-selviamiseen","status":"publish","type":"page","link":"https:\/\/www.uuteenhuomiseen.fi\/?page_id=5","title":{"rendered":"Anne"},"content":{"rendered":"\n<figure class=\"wp-block-image size-large is-style-rounded\"><img loading=\"lazy\" decoding=\"async\" width=\"460\" height=\"307\" src=\"https:\/\/www.uuteenhuomiseen.fi\/\/wp-content\/uploads\/2021\/01\/Anne-sivulle-omakuva.png\" alt=\"\" class=\"wp-image-48\" srcset=\"https:\/\/www.uuteenhuomiseen.fi\/wp-content\/uploads\/2021\/01\/Anne-sivulle-omakuva.png 460w, https:\/\/www.uuteenhuomiseen.fi\/wp-content\/uploads\/2021\/01\/Anne-sivulle-omakuva-300x200.png 300w\" sizes=\"auto, (max-width: 460px) 100vw, 460px\" \/><\/figure>\n\n\n\n<p class=\"anne has-normal-font-size\">Olen paljasjalkainen oululainen, syntym\u00e4vuoteni perusteella \u201dprinsessa -65\u201d. <br>Yhden, jo aikuisen tytt\u00e4ren, onnellinen \u00e4iti sek\u00e4 kahden lapsenlapsen Mummi.<br><br>Olen toimelias k\u00e4sill\u00e4 tekij\u00e4, eloisa ja aikaansaava, luonnon ihastelija ja el\u00e4m\u00e4st\u00e4 nauttija. <br>Tarvittaessa my\u00f6s l\u00e4mminsyd\u00e4minen joukkojen johdattelija ja pitk\u00e4j\u00e4nteiseen ongelmanratkaisuun motivoituva. <br>Terveellisemm\u00e4t arjen pienet el\u00e4m\u00e4ntapavalinnat \u201cl\u00f6ysin rantein\u201d otettuna ovat intohimoni.<br><br>LCF Life Coach<sup>\u00ae<\/sup> &#8211; ratkaisukeskeinen valmentaja, teoreettisena viitekehyksen\u00e4 ratkaisukeskeisyyden lis\u00e4ksi kognitiivinen k\u00e4ytt\u00e4ytymistiede sek\u00e4 positiivinen psykologia. Erityisosaamiseni painottuu parisuhteiden k\u00e4sikirjoitusten oivalluttamiseen ja tunneavoimuuteen.<\/p>\n\n\n\n<p class=\"anne has-normal-font-size\">Suomalaisen eroseminaarin<sup>\u00ae<\/sup> ohjaaja sek\u00e4 Rakastava valinta<sup>\u00ae<\/sup> &#8211; parisuhteen parhaaksi -kurssien ohjaaja. <br>Omakohtaiset el\u00e4m\u00e4nvaiheet tuovat kokemuspohjaa vertaisryhm\u00e4ty\u00f6skentelyjen ohjaamisiin. <br>Bruce Fisherin j\u00e4lleenrakennuskuution tunneskaalat ovat siis k\u00e4yt\u00e4nn\u00f6ss\u00e4 eletyn el\u00e4m\u00e4ni kautta minulle tuttuja.<br><br>L\u00e4hes 30-vuotisen ty\u00f6ntekij\u00e4taipaleeni aikana olen ty\u00f6skennellyt p\u00e4\u00e4s\u00e4\u00e4nt\u00f6isesti asiakasrajapinnassa, niist\u00e4 yli 21 vuotta ICT-alalla erilaisissa teht\u00e4viss\u00e4 ja rooleissa. Operatiivisissa esimiesteht\u00e4viss\u00e4kin vier\u00e4hti 6 vuotta.<\/p>\n\n\n\n<p>Parhaillaan opiskelen sosionomiksi (AMK).<\/p>\n\n\n\n<p>Aloitin suoramyyntialalla vuonna 2013 Aloe vera -tuotteiden ja perheyritys Forever Living Productsin globaalin liiketoiminnan parissa, tarjoten ihmiselle sis\u00e4ist\u00e4 ja ulkoista sek\u00e4 taloudellista hyvinvointia. P\u00e4\u00e4set verkkokauppaani t\u00e4st\u00e4 linkist\u00e4: https:\/\/annerumpunen.myforever.fi<\/p>\n","protected":false},"excerpt":{"rendered":"<p>Olen paljasjalkainen oululainen, syntym\u00e4vuoteni perusteella \u201dprinsessa -65\u201d. Yhden, jo aikuisen tytt\u00e4ren, onnellinen \u00e4iti sek\u00e4 kahden lapsenlapsen Mummi. Olen toimelias k\u00e4sill\u00e4 [&hellip;]<\/p>\n","protected":false},"author":1,"featured_media":48,"parent":0,"menu_order":0,"comment_status":"closed","ping_status":"closed","template":"","meta":{"footnotes":""},"class_list":["post-5","page","type-page","status-publish","has-post-thumbnail","hentry"],"yoast_head":"<!-- This site is optimized with the Yoast SEO plugin v24.0 - https:\/\/yoast.com\/wordpress\/plugins\/seo\/ -->\n<title>Anne Suomalainen eroseminaari- parisuhteen-hoito-rakastava-valinta uuteen huomiseen<\/title>\n<meta name=\"description\" content=\"Olen paljasjalkainen oululainen, \u201dprinsessa -65\u201d syntym\u00e4vuoteni perusteella.Yhden. Miten hoitaa parisuhdetta? Apua erosta selvi\u00e4miseen\" \/>\n<meta name=\"robots\" content=\"index, follow, max-snippet:-1, max-image-preview:large, max-video-preview:-1\" \/>\n<link rel=\"canonical\" href=\"https:\/\/www.uuteenhuomiseen.fi\/?page_id=5\" \/>\n<meta property=\"og:locale\" content=\"en_US\" \/>\n<meta property=\"og:type\" content=\"article\" \/>\n<meta property=\"og:title\" content=\"Anne Suomalainen eroseminaari- parisuhteen-hoito-rakastava-valinta uuteen huomiseen\" \/>\n<meta property=\"og:description\" content=\"Olen paljasjalkainen oululainen, \u201dprinsessa -65\u201d syntym\u00e4vuoteni perusteella.Yhden. Miten hoitaa parisuhdetta? Apua erosta selvi\u00e4miseen\" \/>\n<meta property=\"og:url\" content=\"https:\/\/www.uuteenhuomiseen.fi\/?page_id=5\" \/>\n<meta property=\"og:site_name\" content=\"uuteen huomiseen\" \/>\n<meta property=\"article:publisher\" content=\"https:\/\/www.facebook.com\/Uuteenhuomiseen\" \/>\n<meta property=\"article:modified_time\" content=\"2025-05-21T21:21:08+00:00\" \/>\n<meta property=\"og:image\" content=\"https:\/\/www.uuteenhuomiseen.fi\/wp-content\/uploads\/2021\/01\/Anne-sivulle-omakuva.png\" \/>\n\t<meta property=\"og:image:width\" content=\"460\" \/>\n\t<meta property=\"og:image:height\" content=\"307\" \/>\n\t<meta property=\"og:image:type\" content=\"image\/png\" \/>\n<meta name=\"twitter:card\" content=\"summary_large_image\" \/>\n<meta name=\"twitter:label1\" content=\"Est. reading time\" \/>\n\t<meta name=\"twitter:data1\" content=\"2 minutes\" \/>\n<script type=\"application\/ld+json\" class=\"yoast-schema-graph\">{\"@context\":\"https:\/\/schema.org\",\"@graph\":[{\"@type\":\"WebPage\",\"@id\":\"https:\/\/www.uuteenhuomiseen.fi\/?page_id=5\",\"url\":\"https:\/\/www.uuteenhuomiseen.fi\/?page_id=5\",\"name\":\"Anne Suomalainen eroseminaari- parisuhteen-hoito-rakastava-valinta uuteen huomiseen\",\"isPartOf\":{\"@id\":\"https:\/\/www.uuteenhuomiseen.fi\/#website\"},\"primaryImageOfPage\":{\"@id\":\"https:\/\/www.uuteenhuomiseen.fi\/?page_id=5#primaryimage\"},\"image\":{\"@id\":\"https:\/\/www.uuteenhuomiseen.fi\/?page_id=5#primaryimage\"},\"thumbnailUrl\":\"https:\/\/www.uuteenhuomiseen.fi\/wp-content\/uploads\/2021\/01\/Anne-sivulle-omakuva.png\",\"datePublished\":\"2021-01-19T08:11:07+00:00\",\"dateModified\":\"2025-05-21T21:21:08+00:00\",\"description\":\"Olen paljasjalkainen oululainen, \u201dprinsessa -65\u201d syntym\u00e4vuoteni perusteella.Yhden. Miten hoitaa parisuhdetta? Apua erosta selvi\u00e4miseen\",\"inLanguage\":\"en-US\",\"potentialAction\":[{\"@type\":\"ReadAction\",\"target\":[\"https:\/\/www.uuteenhuomiseen.fi\/?page_id=5\"]}]},{\"@type\":\"ImageObject\",\"inLanguage\":\"en-US\",\"@id\":\"https:\/\/www.uuteenhuomiseen.fi\/?page_id=5#primaryimage\",\"url\":\"https:\/\/www.uuteenhuomiseen.fi\/wp-content\/uploads\/2021\/01\/Anne-sivulle-omakuva.png\",\"contentUrl\":\"https:\/\/www.uuteenhuomiseen.fi\/wp-content\/uploads\/2021\/01\/Anne-sivulle-omakuva.png\",\"width\":460,\"height\":307,\"caption\":\"Eroseminaari.\"},{\"@type\":\"WebSite\",\"@id\":\"https:\/\/www.uuteenhuomiseen.fi\/#website\",\"url\":\"https:\/\/www.uuteenhuomiseen.fi\/\",\"name\":\"uuteen huomiseen\",\"description\":\"\",\"publisher\":{\"@id\":\"https:\/\/www.uuteenhuomiseen.fi\/#organization\"},\"potentialAction\":[{\"@type\":\"SearchAction\",\"target\":{\"@type\":\"EntryPoint\",\"urlTemplate\":\"https:\/\/www.uuteenhuomiseen.fi\/?s={search_term_string}\"},\"query-input\":{\"@type\":\"PropertyValueSpecification\",\"valueRequired\":true,\"valueName\":\"search_term_string\"}}],\"inLanguage\":\"en-US\"},{\"@type\":\"Organization\",\"@id\":\"https:\/\/www.uuteenhuomiseen.fi\/#organization\",\"name\":\"uuteen huomiseen\",\"url\":\"https:\/\/www.uuteenhuomiseen.fi\/\",\"logo\":{\"@type\":\"ImageObject\",\"inLanguage\":\"en-US\",\"@id\":\"https:\/\/www.uuteenhuomiseen.fi\/#\/schema\/logo\/image\/\",\"url\":\"https:\/\/www.uuteenhuomiseen.fi\/wp-content\/uploads\/2021\/02\/cropped-cropped-cropped-Uuteen-huomiseen-logo-1-2.png\",\"contentUrl\":\"https:\/\/www.uuteenhuomiseen.fi\/wp-content\/uploads\/2021\/02\/cropped-cropped-cropped-Uuteen-huomiseen-logo-1-2.png\",\"width\":391,\"height\":118,\"caption\":\"uuteen huomiseen\"},\"image\":{\"@id\":\"https:\/\/www.uuteenhuomiseen.fi\/#\/schema\/logo\/image\/\"},\"sameAs\":[\"https:\/\/www.facebook.com\/Uuteenhuomiseen\",\"https:\/\/www.linkedin.com\/in\/annerumpunen\/\"]}]}<\/script>\n<!-- \/ Yoast SEO plugin. -->","yoast_head_json":{"title":"Anne Suomalainen eroseminaari- parisuhteen-hoito-rakastava-valinta uuteen huomiseen","description":"Olen paljasjalkainen oululainen, \u201dprinsessa -65\u201d syntym\u00e4vuoteni perusteella.Yhden. Miten hoitaa parisuhdetta? Apua erosta selvi\u00e4miseen","robots":{"index":"index","follow":"follow","max-snippet":"max-snippet:-1","max-image-preview":"max-image-preview:large","max-video-preview":"max-video-preview:-1"},"canonical":"https:\/\/www.uuteenhuomiseen.fi\/?page_id=5","og_locale":"en_US","og_type":"article","og_title":"Anne Suomalainen eroseminaari- parisuhteen-hoito-rakastava-valinta uuteen huomiseen","og_description":"Olen paljasjalkainen oululainen, \u201dprinsessa -65\u201d syntym\u00e4vuoteni perusteella.Yhden. Miten hoitaa parisuhdetta? Apua erosta selvi\u00e4miseen","og_url":"https:\/\/www.uuteenhuomiseen.fi\/?page_id=5","og_site_name":"uuteen huomiseen","article_publisher":"https:\/\/www.facebook.com\/Uuteenhuomiseen","article_modified_time":"2025-05-21T21:21:08+00:00","og_image":[{"width":460,"height":307,"url":"https:\/\/www.uuteenhuomiseen.fi\/wp-content\/uploads\/2021\/01\/Anne-sivulle-omakuva.png","type":"image\/png"}],"twitter_card":"summary_large_image","twitter_misc":{"Est. reading time":"2 minutes"},"schema":{"@context":"https:\/\/schema.org","@graph":[{"@type":"WebPage","@id":"https:\/\/www.uuteenhuomiseen.fi\/?page_id=5","url":"https:\/\/www.uuteenhuomiseen.fi\/?page_id=5","name":"Anne Suomalainen eroseminaari- parisuhteen-hoito-rakastava-valinta uuteen huomiseen","isPartOf":{"@id":"https:\/\/www.uuteenhuomiseen.fi\/#website"},"primaryImageOfPage":{"@id":"https:\/\/www.uuteenhuomiseen.fi\/?page_id=5#primaryimage"},"image":{"@id":"https:\/\/www.uuteenhuomiseen.fi\/?page_id=5#primaryimage"},"thumbnailUrl":"https:\/\/www.uuteenhuomiseen.fi\/wp-content\/uploads\/2021\/01\/Anne-sivulle-omakuva.png","datePublished":"2021-01-19T08:11:07+00:00","dateModified":"2025-05-21T21:21:08+00:00","description":"Olen paljasjalkainen oululainen, \u201dprinsessa -65\u201d syntym\u00e4vuoteni perusteella.Yhden. Miten hoitaa parisuhdetta? Apua erosta selvi\u00e4miseen","inLanguage":"en-US","potentialAction":[{"@type":"ReadAction","target":["https:\/\/www.uuteenhuomiseen.fi\/?page_id=5"]}]},{"@type":"ImageObject","inLanguage":"en-US","@id":"https:\/\/www.uuteenhuomiseen.fi\/?page_id=5#primaryimage","url":"https:\/\/www.uuteenhuomiseen.fi\/wp-content\/uploads\/2021\/01\/Anne-sivulle-omakuva.png","contentUrl":"https:\/\/www.uuteenhuomiseen.fi\/wp-content\/uploads\/2021\/01\/Anne-sivulle-omakuva.png","width":460,"height":307,"caption":"Eroseminaari."},{"@type":"WebSite","@id":"https:\/\/www.uuteenhuomiseen.fi\/#website","url":"https:\/\/www.uuteenhuomiseen.fi\/","name":"uuteen huomiseen","description":"","publisher":{"@id":"https:\/\/www.uuteenhuomiseen.fi\/#organization"},"potentialAction":[{"@type":"SearchAction","target":{"@type":"EntryPoint","urlTemplate":"https:\/\/www.uuteenhuomiseen.fi\/?s={search_term_string}"},"query-input":{"@type":"PropertyValueSpecification","valueRequired":true,"valueName":"search_term_string"}}],"inLanguage":"en-US"},{"@type":"Organization","@id":"https:\/\/www.uuteenhuomiseen.fi\/#organization","name":"uuteen huomiseen","url":"https:\/\/www.uuteenhuomiseen.fi\/","logo":{"@type":"ImageObject","inLanguage":"en-US","@id":"https:\/\/www.uuteenhuomiseen.fi\/#\/schema\/logo\/image\/","url":"https:\/\/www.uuteenhuomiseen.fi\/wp-content\/uploads\/2021\/02\/cropped-cropped-cropped-Uuteen-huomiseen-logo-1-2.png","contentUrl":"https:\/\/www.uuteenhuomiseen.fi\/wp-content\/uploads\/2021\/02\/cropped-cropped-cropped-Uuteen-huomiseen-logo-1-2.png","width":391,"height":118,"caption":"uuteen huomiseen"},"image":{"@id":"https:\/\/www.uuteenhuomiseen.fi\/#\/schema\/logo\/image\/"},"sameAs":["https:\/\/www.facebook.com\/Uuteenhuomiseen","https:\/\/www.linkedin.com\/in\/annerumpunen\/"]}]}},"_links":{"self":[{"href":"https:\/\/www.uuteenhuomiseen.fi\/index.php?rest_route=\/wp\/v2\/pages\/5","targetHints":{"allow":["GET"]}}],"collection":[{"href":"https:\/\/www.uuteenhuomiseen.fi\/index.php?rest_route=\/wp\/v2\/pages"}],"about":[{"href":"https:\/\/www.uuteenhuomiseen.fi\/index.php?rest_route=\/wp\/v2\/types\/page"}],"author":[{"embeddable":true,"href":"https:\/\/www.uuteenhuomiseen.fi\/index.php?rest_route=\/wp\/v2\/users\/1"}],"replies":[{"embeddable":true,"href":"https:\/\/www.uuteenhuomiseen.fi\/index.php?rest_route=%2Fwp%2Fv2%2Fcomments&post=5"}],"version-history":[{"count":15,"href":"https:\/\/www.uuteenhuomiseen.fi\/index.php?rest_route=\/wp\/v2\/pages\/5\/revisions"}],"predecessor-version":[{"id":1474,"href":"https:\/\/www.uuteenhuomiseen.fi\/index.php?rest_route=\/wp\/v2\/pages\/5\/revisions\/1474"}],"wp:featuredmedia":[{"embeddable":true,"href":"https:\/\/www.uuteenhuomiseen.fi\/index.php?rest_route=\/wp\/v2\/media\/48"}],"wp:attachment":[{"href":"https:\/\/www.uuteenhuomiseen.fi\/index.php?rest_route=%2Fwp%2Fv2%2Fmedia&parent=5"}],"curies":[{"name":"wp","href":"https:\/\/api.w.org\/{rel}","templated":true}]}}