{"id":865,"date":"2021-02-01T10:57:52","date_gmt":"2021-02-01T10:57:52","guid":{"rendered":"https:\/\/www.uuteenhuomiseen.fi\/\/?post_type=product&#038;p=865"},"modified":"2024-06-27T08:28:44","modified_gmt":"2024-06-27T08:28:44","slug":"lcf-life-coach-valmennus-elamantaidon-valmennus","status":"publish","type":"product","link":"https:\/\/www.uuteenhuomiseen.fi\/?product=lcf-life-coach-valmennus-elamantaidon-valmennus","title":{"rendered":"LCF Life Coach &#8211; ratkaisukeskeinen valmennus"},"content":{"rendered":"<p>Haluatko muutosta el\u00e4m\u00e4\u00e4si?<br \/>\n<br data-rich-text-line-break=\"true\" \/>Voit hy\u00f6dynt\u00e4\u00e4 valmennusta esim. kehitt\u00e4\u00e4ksesi kokonaisvaltaista<br data-rich-text-line-break=\"true\" \/>hyvinvointiasi, parantaaksesi ihmissuhteitasi, saadaksesi mukavamman ty\u00f6n tai<br data-rich-text-line-break=\"true\" \/>luodaksesi mielenrauhaa el\u00e4m\u00e4\u00e4si. Tai jotain muuta. Ratkaisukeskeinen valmennus rakentuu<br data-rich-text-line-break=\"true\" \/>sinun toiveidesi mukaisesti. Valmennuksessa kartoitat nykyisen<br data-rich-text-line-break=\"true\" \/>el\u00e4m\u00e4ntilanteesi, oivallat sinua inspiroivat tavoitteet ja rakennat askelpolun<br data-rich-text-line-break=\"true\" \/>kohti haluamaasi. Valmennuksessa sinua ei neuvota, vaan erilaisten kysymysten ja harjoitusten<br data-rich-text-line-break=\"true\" \/>avulla sin\u00e4 itse oivallat olennaiset eteenp\u00e4in viev\u00e4t asiat.<\/p>\n<p>Valmennuksissa kohtaamme 1 \u2013 2 viikon v\u00e4lein. Ne voivat tapahtua kasvotusten, puhelimitse<br data-rich-text-line-break=\"true\" \/>tai linjoja pitkin.<\/p>\n<p>Valmennuksen my\u00f6t\u00e4 itseluottamuksesi paranee, min\u00e4kuvasi kirkastuu ja tavoitteesi selkiytyv\u00e4t.<br \/>\nValmennuksessa oivallat my\u00f6s, miten muutos el\u00e4m\u00e4ss\u00e4si on mahdollista ja miten voit tehd\u00e4 toiveistasi totta.<br data-rich-text-line-break=\"true\" \/>Ratkaisukeskeinen valmennus on toimintamalli, jonka avulla luodaan onnistumisia. Valmentaja auttaa kirkastamaan ja luomaan<br data-rich-text-line-break=\"true\" \/>toimintasuunnitelman, jolla muutokset saavutetaan onnistuneesti. Valmennus sopii sek\u00e4 yksityisille henkil\u00f6ille ett\u00e4 ty\u00f6yhteis\u00f6ihin.<br data-rich-text-line-break=\"true\" \/>Valmennuksen my\u00f6t\u00e4 itsetuntemus kehittyy, itseluottamus kasvaa ja omann\u00e4k\u00f6inen el\u00e4m\u00e4 vahvistuu. Valmennuksen tavoitteena on kokonaisvaltaisesti hyvinvoiva, itsest\u00e4\u00e4n vastuun kantava ihminen, joka nauttii el\u00e4m\u00e4st\u00e4\u00e4n.<\/p>\n<p>Hinta 90 e\/h<\/p>\n<p>&nbsp;<\/p>\n","protected":false},"excerpt":{"rendered":"<p>Voit hy\u00f6dynt\u00e4\u00e4 valmennusta esim. kehitt\u00e4\u00e4ksesi kokonaisvaltaista<br data-rich-text-line-break=\"true\" \/>hyvinvointiasi, parantaaksesi ihmissuhteitasi, saadaksesi mukavamman ty\u00f6n tai<br data-rich-text-line-break=\"true\" \/>luodaksesi mielenrauhaa el\u00e4m\u00e4\u00e4si. Tai jotain muuta. Ratkaisukeskeinen valmennus rakentuu<br data-rich-text-line-break=\"true\" \/>sinun toiveidesi mukaisesti. Valmennuksessa kartoitat nykyisen<br data-rich-text-line-break=\"true\" \/>el\u00e4m\u00e4ntilanteesi, oivallat sinua inspiroivat tavoitteet ja rakennat askelpolun<br data-rich-text-line-break=\"true\" \/>kohti haluamaasi.<\/p>\n","protected":false},"featured_media":815,"comment_status":"open","ping_status":"closed","template":"","meta":[],"class_list":{"0":"post-865","1":"product","2":"type-product","3":"status-publish","4":"has-post-thumbnail","6":"product_cat-lcf-life-coach","8":"first","9":"instock","10":"virtual","11":"taxable","12":"purchasable","13":"product-type-simple"},"yoast_head":"<!-- This site is optimized with the Yoast SEO plugin v24.0 - https:\/\/yoast.com\/wordpress\/plugins\/seo\/ -->\n<title>LCF Life Coach - ratkaisukeskeinen valmennus - valmentaja, ratkaisukeskeinen valmennus, uuteen huomiseen<\/title>\n<meta name=\"description\" content=\"Valmennus, el\u00e4m\u00e4ntaidon valmennus, el\u00e4m\u00e4ntaidon valmentaja, muutos el\u00e4m\u00e4\u00e4n, coaching, ratkaisukeskeinen valmennus, tavoitteista totta, ratkaisukeskeinen valmentaja\" \/>\n<meta name=\"robots\" content=\"index, follow, max-snippet:-1, max-image-preview:large, max-video-preview:-1\" \/>\n<link rel=\"canonical\" href=\"https:\/\/www.uuteenhuomiseen.fi\/?product=lcf-life-coach-valmennus-elamantaidon-valmennus\" \/>\n<meta property=\"og:locale\" content=\"en_US\" \/>\n<meta property=\"og:type\" content=\"article\" \/>\n<meta property=\"og:title\" content=\"LCF Life Coach - ratkaisukeskeinen valmennus - valmentaja, ratkaisukeskeinen valmennus, uuteen huomiseen\" \/>\n<meta property=\"og:description\" content=\"Valmennus, el\u00e4m\u00e4ntaidon valmennus, el\u00e4m\u00e4ntaidon valmentaja, muutos el\u00e4m\u00e4\u00e4n, coaching, ratkaisukeskeinen valmennus, tavoitteista totta, ratkaisukeskeinen valmentaja\" \/>\n<meta property=\"og:url\" content=\"https:\/\/www.uuteenhuomiseen.fi\/?product=lcf-life-coach-valmennus-elamantaidon-valmennus\" \/>\n<meta property=\"og:site_name\" content=\"uuteen huomiseen\" \/>\n<meta property=\"article:publisher\" content=\"https:\/\/www.facebook.com\/Uuteenhuomiseen\" \/>\n<meta property=\"article:modified_time\" content=\"2024-06-27T08:28:44+00:00\" \/>\n<meta property=\"og:image\" content=\"https:\/\/www.uuteenhuomiseen.fi\/wp-content\/uploads\/2017\/01\/LCF-1-1.png\" \/>\n\t<meta property=\"og:image:width\" content=\"300\" \/>\n\t<meta property=\"og:image:height\" content=\"300\" \/>\n\t<meta property=\"og:image:type\" content=\"image\/png\" \/>\n<meta name=\"twitter:card\" content=\"summary_large_image\" \/>\n<meta name=\"twitter:label1\" content=\"Est. reading time\" \/>\n\t<meta name=\"twitter:data1\" content=\"1 minute\" \/>\n<script type=\"application\/ld+json\" class=\"yoast-schema-graph\">{\"@context\":\"https:\/\/schema.org\",\"@graph\":[{\"@type\":\"WebPage\",\"@id\":\"https:\/\/www.uuteenhuomiseen.fi\/?product=lcf-life-coach-valmennus-elamantaidon-valmennus\",\"url\":\"https:\/\/www.uuteenhuomiseen.fi\/?product=lcf-life-coach-valmennus-elamantaidon-valmennus\",\"name\":\"LCF Life Coach - ratkaisukeskeinen valmennus - valmentaja, ratkaisukeskeinen valmennus, uuteen huomiseen\",\"isPartOf\":{\"@id\":\"https:\/\/www.uuteenhuomiseen.fi\/#website\"},\"primaryImageOfPage\":{\"@id\":\"https:\/\/www.uuteenhuomiseen.fi\/?product=lcf-life-coach-valmennus-elamantaidon-valmennus#primaryimage\"},\"image\":{\"@id\":\"https:\/\/www.uuteenhuomiseen.fi\/?product=lcf-life-coach-valmennus-elamantaidon-valmennus#primaryimage\"},\"thumbnailUrl\":\"https:\/\/www.uuteenhuomiseen.fi\/wp-content\/uploads\/2017\/01\/LCF-1-1.png\",\"datePublished\":\"2021-02-01T10:57:52+00:00\",\"dateModified\":\"2024-06-27T08:28:44+00:00\",\"description\":\"Valmennus, el\u00e4m\u00e4ntaidon valmennus, el\u00e4m\u00e4ntaidon valmentaja, muutos el\u00e4m\u00e4\u00e4n, coaching, ratkaisukeskeinen valmennus, tavoitteista totta, ratkaisukeskeinen valmentaja\",\"breadcrumb\":{\"@id\":\"https:\/\/www.uuteenhuomiseen.fi\/?product=lcf-life-coach-valmennus-elamantaidon-valmennus#breadcrumb\"},\"inLanguage\":\"en-US\",\"potentialAction\":[{\"@type\":\"ReadAction\",\"target\":[\"https:\/\/www.uuteenhuomiseen.fi\/?product=lcf-life-coach-valmennus-elamantaidon-valmennus\"]}]},{\"@type\":\"ImageObject\",\"inLanguage\":\"en-US\",\"@id\":\"https:\/\/www.uuteenhuomiseen.fi\/?product=lcf-life-coach-valmennus-elamantaidon-valmennus#primaryimage\",\"url\":\"https:\/\/www.uuteenhuomiseen.fi\/wp-content\/uploads\/2017\/01\/LCF-1-1.png\",\"contentUrl\":\"https:\/\/www.uuteenhuomiseen.fi\/wp-content\/uploads\/2017\/01\/LCF-1-1.png\",\"width\":300,\"height\":300,\"caption\":\"el\u00e4m\u00e4ntaidon valmentaja, muutos el\u00e4m\u00e4\u00e4n, coaching, ratkaisukeskeinen valmennus, tavoitteista totta\"},{\"@type\":\"BreadcrumbList\",\"@id\":\"https:\/\/www.uuteenhuomiseen.fi\/?product=lcf-life-coach-valmennus-elamantaidon-valmennus#breadcrumb\",\"itemListElement\":[{\"@type\":\"ListItem\",\"position\":1,\"name\":\"Kauppa\",\"item\":\"https:\/\/www.uuteenhuomiseen.fi\/?page_id=209\"},{\"@type\":\"ListItem\",\"position\":2,\"name\":\"LCF Life Coach &#8211; ratkaisukeskeinen valmennus\"}]},{\"@type\":\"WebSite\",\"@id\":\"https:\/\/www.uuteenhuomiseen.fi\/#website\",\"url\":\"https:\/\/www.uuteenhuomiseen.fi\/\",\"name\":\"uuteen huomiseen\",\"description\":\"\",\"publisher\":{\"@id\":\"https:\/\/www.uuteenhuomiseen.fi\/#organization\"},\"potentialAction\":[{\"@type\":\"SearchAction\",\"target\":{\"@type\":\"EntryPoint\",\"urlTemplate\":\"https:\/\/www.uuteenhuomiseen.fi\/?s={search_term_string}\"},\"query-input\":{\"@type\":\"PropertyValueSpecification\",\"valueRequired\":true,\"valueName\":\"search_term_string\"}}],\"inLanguage\":\"en-US\"},{\"@type\":\"Organization\",\"@id\":\"https:\/\/www.uuteenhuomiseen.fi\/#organization\",\"name\":\"uuteen huomiseen\",\"url\":\"https:\/\/www.uuteenhuomiseen.fi\/\",\"logo\":{\"@type\":\"ImageObject\",\"inLanguage\":\"en-US\",\"@id\":\"https:\/\/www.uuteenhuomiseen.fi\/#\/schema\/logo\/image\/\",\"url\":\"https:\/\/www.uuteenhuomiseen.fi\/wp-content\/uploads\/2021\/02\/cropped-cropped-cropped-Uuteen-huomiseen-logo-1-2.png\",\"contentUrl\":\"https:\/\/www.uuteenhuomiseen.fi\/wp-content\/uploads\/2021\/02\/cropped-cropped-cropped-Uuteen-huomiseen-logo-1-2.png\",\"width\":391,\"height\":118,\"caption\":\"uuteen huomiseen\"},\"image\":{\"@id\":\"https:\/\/www.uuteenhuomiseen.fi\/#\/schema\/logo\/image\/\"},\"sameAs\":[\"https:\/\/www.facebook.com\/Uuteenhuomiseen\",\"https:\/\/www.linkedin.com\/in\/annerumpunen\/\"]}]}<\/script>\n<!-- \/ Yoast SEO plugin. -->","yoast_head_json":{"title":"LCF Life Coach - ratkaisukeskeinen valmennus - valmentaja, ratkaisukeskeinen valmennus, uuteen huomiseen","description":"Valmennus, el\u00e4m\u00e4ntaidon valmennus, el\u00e4m\u00e4ntaidon valmentaja, muutos el\u00e4m\u00e4\u00e4n, coaching, ratkaisukeskeinen valmennus, tavoitteista totta, ratkaisukeskeinen valmentaja","robots":{"index":"index","follow":"follow","max-snippet":"max-snippet:-1","max-image-preview":"max-image-preview:large","max-video-preview":"max-video-preview:-1"},"canonical":"https:\/\/www.uuteenhuomiseen.fi\/?product=lcf-life-coach-valmennus-elamantaidon-valmennus","og_locale":"en_US","og_type":"article","og_title":"LCF Life Coach - ratkaisukeskeinen valmennus - valmentaja, ratkaisukeskeinen valmennus, uuteen huomiseen","og_description":"Valmennus, el\u00e4m\u00e4ntaidon valmennus, el\u00e4m\u00e4ntaidon valmentaja, muutos el\u00e4m\u00e4\u00e4n, coaching, ratkaisukeskeinen valmennus, tavoitteista totta, ratkaisukeskeinen valmentaja","og_url":"https:\/\/www.uuteenhuomiseen.fi\/?product=lcf-life-coach-valmennus-elamantaidon-valmennus","og_site_name":"uuteen huomiseen","article_publisher":"https:\/\/www.facebook.com\/Uuteenhuomiseen","article_modified_time":"2024-06-27T08:28:44+00:00","og_image":[{"width":300,"height":300,"url":"https:\/\/www.uuteenhuomiseen.fi\/wp-content\/uploads\/2017\/01\/LCF-1-1.png","type":"image\/png"}],"twitter_card":"summary_large_image","twitter_misc":{"Est. reading time":"1 minute"},"schema":{"@context":"https:\/\/schema.org","@graph":[{"@type":"WebPage","@id":"https:\/\/www.uuteenhuomiseen.fi\/?product=lcf-life-coach-valmennus-elamantaidon-valmennus","url":"https:\/\/www.uuteenhuomiseen.fi\/?product=lcf-life-coach-valmennus-elamantaidon-valmennus","name":"LCF Life Coach - ratkaisukeskeinen valmennus - valmentaja, ratkaisukeskeinen valmennus, uuteen huomiseen","isPartOf":{"@id":"https:\/\/www.uuteenhuomiseen.fi\/#website"},"primaryImageOfPage":{"@id":"https:\/\/www.uuteenhuomiseen.fi\/?product=lcf-life-coach-valmennus-elamantaidon-valmennus#primaryimage"},"image":{"@id":"https:\/\/www.uuteenhuomiseen.fi\/?product=lcf-life-coach-valmennus-elamantaidon-valmennus#primaryimage"},"thumbnailUrl":"https:\/\/www.uuteenhuomiseen.fi\/wp-content\/uploads\/2017\/01\/LCF-1-1.png","datePublished":"2021-02-01T10:57:52+00:00","dateModified":"2024-06-27T08:28:44+00:00","description":"Valmennus, el\u00e4m\u00e4ntaidon valmennus, el\u00e4m\u00e4ntaidon valmentaja, muutos el\u00e4m\u00e4\u00e4n, coaching, ratkaisukeskeinen valmennus, tavoitteista totta, ratkaisukeskeinen valmentaja","breadcrumb":{"@id":"https:\/\/www.uuteenhuomiseen.fi\/?product=lcf-life-coach-valmennus-elamantaidon-valmennus#breadcrumb"},"inLanguage":"en-US","potentialAction":[{"@type":"ReadAction","target":["https:\/\/www.uuteenhuomiseen.fi\/?product=lcf-life-coach-valmennus-elamantaidon-valmennus"]}]},{"@type":"ImageObject","inLanguage":"en-US","@id":"https:\/\/www.uuteenhuomiseen.fi\/?product=lcf-life-coach-valmennus-elamantaidon-valmennus#primaryimage","url":"https:\/\/www.uuteenhuomiseen.fi\/wp-content\/uploads\/2017\/01\/LCF-1-1.png","contentUrl":"https:\/\/www.uuteenhuomiseen.fi\/wp-content\/uploads\/2017\/01\/LCF-1-1.png","width":300,"height":300,"caption":"el\u00e4m\u00e4ntaidon valmentaja, muutos el\u00e4m\u00e4\u00e4n, coaching, ratkaisukeskeinen valmennus, tavoitteista totta"},{"@type":"BreadcrumbList","@id":"https:\/\/www.uuteenhuomiseen.fi\/?product=lcf-life-coach-valmennus-elamantaidon-valmennus#breadcrumb","itemListElement":[{"@type":"ListItem","position":1,"name":"Kauppa","item":"https:\/\/www.uuteenhuomiseen.fi\/?page_id=209"},{"@type":"ListItem","position":2,"name":"LCF Life Coach &#8211; ratkaisukeskeinen valmennus"}]},{"@type":"WebSite","@id":"https:\/\/www.uuteenhuomiseen.fi\/#website","url":"https:\/\/www.uuteenhuomiseen.fi\/","name":"uuteen huomiseen","description":"","publisher":{"@id":"https:\/\/www.uuteenhuomiseen.fi\/#organization"},"potentialAction":[{"@type":"SearchAction","target":{"@type":"EntryPoint","urlTemplate":"https:\/\/www.uuteenhuomiseen.fi\/?s={search_term_string}"},"query-input":{"@type":"PropertyValueSpecification","valueRequired":true,"valueName":"search_term_string"}}],"inLanguage":"en-US"},{"@type":"Organization","@id":"https:\/\/www.uuteenhuomiseen.fi\/#organization","name":"uuteen huomiseen","url":"https:\/\/www.uuteenhuomiseen.fi\/","logo":{"@type":"ImageObject","inLanguage":"en-US","@id":"https:\/\/www.uuteenhuomiseen.fi\/#\/schema\/logo\/image\/","url":"https:\/\/www.uuteenhuomiseen.fi\/wp-content\/uploads\/2021\/02\/cropped-cropped-cropped-Uuteen-huomiseen-logo-1-2.png","contentUrl":"https:\/\/www.uuteenhuomiseen.fi\/wp-content\/uploads\/2021\/02\/cropped-cropped-cropped-Uuteen-huomiseen-logo-1-2.png","width":391,"height":118,"caption":"uuteen huomiseen"},"image":{"@id":"https:\/\/www.uuteenhuomiseen.fi\/#\/schema\/logo\/image\/"},"sameAs":["https:\/\/www.facebook.com\/Uuteenhuomiseen","https:\/\/www.linkedin.com\/in\/annerumpunen\/"]}]}},"_links":{"self":[{"href":"https:\/\/www.uuteenhuomiseen.fi\/index.php?rest_route=\/wp\/v2\/product\/865","targetHints":{"allow":["GET"]}}],"collection":[{"href":"https:\/\/www.uuteenhuomiseen.fi\/index.php?rest_route=\/wp\/v2\/product"}],"about":[{"href":"https:\/\/www.uuteenhuomiseen.fi\/index.php?rest_route=\/wp\/v2\/types\/product"}],"replies":[{"embeddable":true,"href":"https:\/\/www.uuteenhuomiseen.fi\/index.php?rest_route=%2Fwp%2Fv2%2Fcomments&post=865"}],"wp:featuredmedia":[{"embeddable":true,"href":"https:\/\/www.uuteenhuomiseen.fi\/index.php?rest_route=\/wp\/v2\/media\/815"}],"wp:attachment":[{"href":"https:\/\/www.uuteenhuomiseen.fi\/index.php?rest_route=%2Fwp%2Fv2%2Fmedia&parent=865"}],"curies":[{"name":"wp","href":"https:\/\/api.w.org\/{rel}","templated":true}]}}